{"id":121,"date":"2016-08-16T10:18:37","date_gmt":"2016-08-16T08:18:37","guid":{"rendered":"http:\/\/localhost\/dina\/?page_id=121"},"modified":"2024-04-19T15:01:59","modified_gmt":"2024-04-19T13:01:59","slug":"meat","status":"publish","type":"page","link":"https:\/\/ilfornoalegna.ch\/en\/meat\/","title":{"rendered":"Meats"},"content":{"rendered":"<div data-elementor-type=\"wp-post\" data-elementor-id=\"121\" class=\"elementor elementor-121\">\n\t\t\t\t\t\t<div class=\"elementor-inner\">\n\t\t\t\t<div class=\"elementor-section-wrap\">\n\t\t\t\t\t\t\t\t\t<section class=\"elementor-section elementor-top-section elementor-element elementor-element-5dfb7d7 elementor-section-boxed elementor-section-height-default elementor-section-height-default\" data-id=\"5dfb7d7\" data-element_type=\"section\">\n\t\t\t\t\t\t<div class=\"elementor-container elementor-column-gap-default\">\n\t\t\t\t\t\t\t<div class=\"elementor-row\">\n\t\t\t\t\t<div class=\"elementor-column elementor-col-100 elementor-top-column elementor-element elementor-element-f34d849\" data-id=\"f34d849\" data-element_type=\"column\">\n\t\t\t<div class=\"elementor-column-wrap elementor-element-populated\">\n\t\t\t\t\t\t\t<div class=\"elementor-widget-wrap\">\n\t\t\t\t\t\t<div class=\"elementor-element elementor-element-ebb8468 elementor-widget elementor-widget-text-editor\" data-id=\"ebb8468\" data-element_type=\"widget\" data-widget_type=\"text-editor.default\">\n\t\t\t\t<div class=\"elementor-widget-container\">\n\t\t\t\t\t\t\t\t<div class=\"elementor-text-editor elementor-clearfix\">\n\t\t\t\t<p>Restaurant d\u00e9di\u00e9 aux viandes d\u2019exception, <strong>IL FORNO A LEGNA<\/strong> est principalement ax\u00e9 sur <strong>la viande de b\u0153uf de haute qualit\u00e9 choisie parmi les meilleures races<\/strong>, chez les meilleurs \u00e9leveurs par nos fameux bouchers : Le Grupo Norte\u00f1os, une s\u00e9lection rigoureuse a \u00e9t\u00e9 effectu\u00e9e afin de proposer des viandes d\u2019une qualit\u00e9 exceptionnelle, issues de troupeaux \u00e9lev\u00e9s de mani\u00e8re traditionnelle, <strong>respectueux du bien-\u00eatre animal<\/strong> et bien \u00e9videmment sur leur terroir d\u2019origine.<br \/><br \/>Chez IL FORNO A LEGNA, <strong>nous utilisons un grill pierre de lave<\/strong> ensuite au four \u00e0 bois, qui vient parfaire le go\u00fbt de nos viandes savamment s\u00e9lectionn\u00e9es. Elle en devient encore plus savoureuse, moelleuse, tendre, autant d\u2019adjectifs qui ne peuvent d\u00e9finir l\u2019exacte particularit\u00e9 de cette cuisson sur la braise. Il faut go\u00fbter pour comprendre cette qualit\u00e9 et la singularit\u00e9 de ce mode de cuisson.<br \/>If the human being was born a carnivore, IL FORNO A LEGNA certainly constitutes a solid additional stage in his evolution: the culmination of his relationship with exceptional meats!<\/p><p>IL FORNO A LEGNA\u00a0s\u2019est donn\u00e9 comme ligne de conduite d\u2019\u00e9tablir <strong>une tra\u00e7abilit\u00e9 claire de ses produits<\/strong> et de r\u00e9duire \u2013 autant que possible \u2013 les interm\u00e9diaires afin de privil\u00e9gier les fili\u00e8res courtes d\u2019acheminement des marchandises. <strong>IL FORNO A LEGNA<\/strong> a pour philosophie une attitude <strong>\u00e9co-responsable<\/strong> en compensant autant que possible ses empreintes carbones de certaines de ses importations de viande d\u2019exception au travers d\u2019un programme de re-peuplement d\u2019arbres. \u00a0Voici quelques races que vous retrouverez au IL FORNO A LEGNA : <strong>Simmental, Aberdeen Angus, Blonde de Galice, Charolaise, Wagyu Beef Chile, Black Angus, Aubrac, Chianina Italie, Fassona Italie\u2026<\/strong> je vous encourage \u00e0 ne consommer qu\u2019une \u00e0 deux fois maximum de la viande par semaine, mais lorsque vous passerez \u00e0 l\u2019acte, ne choisissez que l\u2019excellence. Notre s\u00e9lection ne comporte que des viandes privil\u00e9giant le concept du slow-food et bannit tout \u00e9levage intensif. <br \/><br \/><strong>Mangez moins mais mangez mieux !<\/strong><\/p><p style=\"text-align: center;\"><strong><u>The maturation of the meats :<\/u><\/strong><\/p><p><strong>IL FORNO A LEGNA<\/strong> est \u00e9quip\u00e9 d\u2019une armoire de maturation de la viande.<\/p><p>At least a good week is necessary for a beef muscle to relax. Meat on the bone can be \"matured\" for up to 120 days.\u00a0However, a maturation period of 30 days is already perfect.\u00a0Ripening meat is a bit like ageing wine.\u00a0If the basic product is excellent, it will only be sublimated.<\/p>\t\t\t\t\t<\/div>\n\t\t\t\t\t\t<\/div>\n\t\t\t\t<\/div>\n\t\t\t\t\t\t<\/div>\n\t\t\t\t\t<\/div>\n\t\t<\/div>\n\t\t\t\t\t\t\t\t<\/div>\n\t\t\t\t\t<\/div>\n\t\t<\/section>\n\t\t\t\t<section class=\"elementor-section elementor-top-section elementor-element elementor-element-37e387d elementor-section-boxed elementor-section-height-default elementor-section-height-default\" data-id=\"37e387d\" data-element_type=\"section\">\n\t\t\t\t\t\t<div class=\"elementor-container elementor-column-gap-default\">\n\t\t\t\t\t\t\t<div class=\"elementor-row\">\n\t\t\t\t\t<div class=\"elementor-column elementor-col-33 elementor-top-column elementor-element elementor-element-dbe2773\" data-id=\"dbe2773\" data-element_type=\"column\">\n\t\t\t<div class=\"elementor-column-wrap elementor-element-populated\">\n\t\t\t\t\t\t\t<div class=\"elementor-widget-wrap\">\n\t\t\t\t\t\t<div class=\"elementor-element elementor-element-dd790d5 elementor-widget elementor-widget-shortcode\" data-id=\"dd790d5\" data-element_type=\"widget\" data-widget_type=\"shortcode.default\">\n\t\t\t\t<div class=\"elementor-widget-container\">\n\t\t\t\t\t<div class=\"elementor-shortcode\"><div class=\"short-menu-v1\"><div class=\"categ-name our-meats\"> <h2>MATURED MEATS<\/h2><\/div><div class=\"menu-holder menu-1col our-meats\"><div class=\"menu-post clearfix\"><div class=\"menu-post-desc\"><h4><span class=\"menu-title\">C\u00f4te de b\u0153uf Chianina Italie<\/span> <span class=\"menu-dots\"><\/span><span class=\"menu-price\">24.-<\/span><\/h4><div class=\"menu-text\">A partir de deux personnes \/ prix pour 100 grammes (500gr minimum)<\/div><\/div><\/div><div class=\"menu-post clearfix\"><div class=\"menu-post-desc\"><h4><span class=\"menu-title\">C\u00f4te de b\u0153uf Royal Krowa Pologne<\/span> <span class=\"menu-dots\"><\/span><span class=\"menu-price\">24.-<\/span><\/h4><div class=\"menu-text\">A partir de deux personnes \/ prix pour 100 grammes (500gr minimum)<\/div><\/div><\/div><div class=\"menu-post clearfix\"><div class=\"menu-post-desc\"><h4><span class=\"menu-title\">C\u00f4te de b\u0153uf Blonde de Galice<\/span> <span class=\"menu-dots\"><\/span><span class=\"menu-price\">24.-<\/span><\/h4><div class=\"menu-text\">A partir de deux personnes \/ prix pour 100 grammes (500gr minimum)<\/div><\/div><\/div><div class=\"menu-post clearfix\"><div class=\"menu-post-desc\"><h4><span class=\"menu-title\">C\u00f4te de b\u0153uf K\u00d8 BEEF DANEMARK<\/span> <span class=\"menu-dots\"><\/span><span class=\"menu-price\">24.-<\/span><\/h4><div class=\"menu-text\">A partir de deux personnes \/ prix pour 100 grammes (500gr minimum)<\/div><\/div><\/div><div class=\"menu-post clearfix\"><div class=\"menu-post-desc\"><h4><span class=\"menu-title\">Entrec\u00f4te black Angus USA (Creekstrone)<\/span> <span class=\"menu-dots\"><\/span><span class=\"menu-price\">22.-<\/span><\/h4><div class=\"menu-text\">Prix pour 100 grammes<\/div><\/div><\/div><\/div><\/div><\/div>\n\t\t\t\t<\/div>\n\t\t\t\t<\/div>\n\t\t\t\t\t\t<\/div>\n\t\t\t\t\t<\/div>\n\t\t<\/div>\n\t\t\t\t<div class=\"elementor-column elementor-col-66 elementor-top-column elementor-element elementor-element-04dcedd\" data-id=\"04dcedd\" data-element_type=\"column\">\n\t\t\t<div class=\"elementor-column-wrap elementor-element-populated\">\n\t\t\t\t\t\t\t<div class=\"elementor-widget-wrap\">\n\t\t\t\t\t\t<div class=\"elementor-element elementor-element-5c32c91 elementor-widget elementor-widget-image\" data-id=\"5c32c91\" data-element_type=\"widget\" data-widget_type=\"image.default\">\n\t\t\t\t<div class=\"elementor-widget-container\">\n\t\t\t\t\t\t\t\t<div class=\"elementor-image\">\n\t\t\t\t\t\t\t\t\t\t\t\t<img loading=\"lazy\" decoding=\"async\" width=\"683\" height=\"1024\" src=\"https:\/\/ilfornoalegna.ch\/wp-content\/uploads\/2020\/08\/IlFornoALegna_IllustrationViandesMaturees-683x1024.jpg\" class=\"attachment-large size-large wp-image-29697\" alt=\"\" srcset=\"https:\/\/ilfornoalegna.ch\/wp-content\/uploads\/2020\/08\/IlFornoALegna_IllustrationViandesMaturees-683x1024.jpg 683w, https:\/\/ilfornoalegna.ch\/wp-content\/uploads\/2020\/08\/IlFornoALegna_IllustrationViandesMaturees-200x300.jpg 200w, https:\/\/ilfornoalegna.ch\/wp-content\/uploads\/2020\/08\/IlFornoALegna_IllustrationViandesMaturees-768x1152.jpg 768w, https:\/\/ilfornoalegna.ch\/wp-content\/uploads\/2020\/08\/IlFornoALegna_IllustrationViandesMaturees.jpg 800w\" sizes=\"auto, (max-width: 683px) 100vw, 683px\" \/>\t\t\t\t\t\t\t\t\t\t\t\t\t\t<\/div>\n\t\t\t\t\t\t<\/div>\n\t\t\t\t<\/div>\n\t\t\t\t\t\t<\/div>\n\t\t\t\t\t<\/div>\n\t\t<\/div>\n\t\t\t\t\t\t\t\t<\/div>\n\t\t\t\t\t<\/div>\n\t\t<\/section>\n\t\t\t\t\t\t\t\t\t<\/div>\n\t\t\t<\/div>\n\t\t\t\t\t<\/div>","protected":false},"excerpt":{"rendered":"<p>Restaurant d\u00e9di\u00e9 aux viandes d\u2019exception, IL FORNO A LEGNA est principalement ax\u00e9 sur la viande de b\u0153uf de haute qualit\u00e9 choisie parmi les meilleures races, chez les meilleurs \u00e9leveurs par nos fameux bouchers : Le Grupo Norte\u00f1os, une s\u00e9lection rigoureuse a \u00e9t\u00e9 effectu\u00e9e afin de proposer des viandes d\u2019une qualit\u00e9 exceptionnelle, issues de troupeaux \u00e9lev\u00e9s de mani\u00e8re traditionnelle, respectueux du&#8230;<\/p>","protected":false},"author":2,"featured_media":29709,"parent":0,"menu_order":0,"comment_status":"closed","ping_status":"closed","template":"my-templates\/template-fullscreen.php","meta":{"footnotes":""},"class_list":["post-121","page","type-page","status-publish","has-post-thumbnail","hentry"],"_links":{"self":[{"href":"https:\/\/ilfornoalegna.ch\/en\/wp-json\/wp\/v2\/pages\/121","targetHints":{"allow":["GET"]}}],"collection":[{"href":"https:\/\/ilfornoalegna.ch\/en\/wp-json\/wp\/v2\/pages"}],"about":[{"href":"https:\/\/ilfornoalegna.ch\/en\/wp-json\/wp\/v2\/types\/page"}],"author":[{"embeddable":true,"href":"https:\/\/ilfornoalegna.ch\/en\/wp-json\/wp\/v2\/users\/2"}],"replies":[{"embeddable":true,"href":"https:\/\/ilfornoalegna.ch\/en\/wp-json\/wp\/v2\/comments?post=121"}],"version-history":[{"count":21,"href":"https:\/\/ilfornoalegna.ch\/en\/wp-json\/wp\/v2\/pages\/121\/revisions"}],"predecessor-version":[{"id":31266,"href":"https:\/\/ilfornoalegna.ch\/en\/wp-json\/wp\/v2\/pages\/121\/revisions\/31266"}],"wp:featuredmedia":[{"embeddable":true,"href":"https:\/\/ilfornoalegna.ch\/en\/wp-json\/wp\/v2\/media\/29709"}],"wp:attachment":[{"href":"https:\/\/ilfornoalegna.ch\/en\/wp-json\/wp\/v2\/media?parent=121"}],"curies":[{"name":"wp","href":"https:\/\/api.w.org\/{rel}","templated":true}]}}